{"id":262,"date":"2018-07-25T22:36:24","date_gmt":"2018-07-25T22:36:24","guid":{"rendered":"http:\/\/stop-propaghate.inesctec.pt\/?page_id=262"},"modified":"2018-07-26T12:35:52","modified_gmt":"2018-07-26T12:35:52","slug":"media-coverage","status":"publish","type":"page","link":"https:\/\/stop-propaghate.inesctec.pt\/index.php\/media-coverage\/","title":{"rendered":"Media Coverage"},"content":{"rendered":"<h3>In English<\/h3>\n<div class=\"mw3 bb bw1 b--black-10\"><\/div>\n<h2 class=\"mb1\"><a class=\"f3 fw6 db dark-red link hover-black\" href=\"https:\/\/newsinitiative.withgoogle.com\/dnifund\/dni-projects\/stop-propaghate-round-4\/\">Stop PropagHate (Round 4)<\/a><\/h2>\n<p class=\"mt0 f6 lh-copy\">In Google News Initiative<\/p>\n<h2 class=\"mb1\"><a class=\"f3 fw6 db dark-red link hover-black\" href=\"https:\/\/www.inesctec.pt\/en\/news\/prototype-developed-at-inesc-tec-receives-funding-from-google#about\">Prototype developed at INESC TEC receives funding from Google<\/a><\/h2>\n<p class=\"mt0 f6 lh-copy\">In INESC TEC, December 21, 2017<\/p>\n<h3>In Portuguese<\/h3>\n<div class=\"mw3 bb bw1 b--black-10\"><\/div>\n<h2 class=\"mb1\"><a class=\"f3 fw6 db dark-red link hover-black\" href=\"https:\/\/www.publico.pt\/2018\/01\/02\/p3\/noticia\/noticias-novo-projecto-identifica-comentarios-de-odio-em-tempo-real-1831435\">Novo projecto identifica coment\u00e1rios de \u00f3dio em tempo real<\/a><\/h2>\n<p class=\"mt0 f6 lh-copy\">In P\u00fablico, January 2, 2018<\/p>\n<h2 class=\"mb1\"><a class=\"f3 fw6 db dark-red link hover-black\" href=\"http:\/\/www.porto.pt\/noticias\/investigadores-do-porto-desenvolvem-ferramenta-informatica-contra-os-comentarios-de-odio\">Investigadores do Porto desenvolvem ferramentas inform\u00e1ticas contra os coment\u00e1rios de \u00f3dio<\/a><\/h2>\n<p class=\"mt0 f6 lh-copy\">In Porto.pt, January 2, 2018<\/p>\n<h2 class=\"mb1\"><a class=\"f3 fw6 db dark-red link hover-black\" href=\"https:\/\/www.verportugal.net\/vp\/pt\/122017\/Telecomunicacoes\/10002\/Stop-PropagHate-o-prot%C3%B3tipo-do-INESC-TEC-que-a-Google-financia.htm\">Stop PropagHate, o prot\u00f3tipo do INESC TEC que a Google financia<\/a><\/h2>\n<p class=\"mt0 f6 lh-copy\">In VerPortugal, December 21, 2017<\/p>\n<h3>Videos (in Portuguese)<\/h3>\n<div class=\"mw3 bb bw1 b--black-10\"><\/div>\n<p><iframe loading=\"lazy\" title=\"INESC TEC: S\u00e9rgio Nunes no programa P\u00e1gina 2, RTP2, 7JAN2018\" width=\"640\" height=\"480\" src=\"https:\/\/www.youtube.com\/embed\/a4JijAohKDg?feature=oembed\" frameborder=\"0\" allow=\"accelerometer; autoplay; clipboard-write; encrypted-media; gyroscope; picture-in-picture; web-share\" referrerpolicy=\"strict-origin-when-cross-origin\" allowfullscreen><\/iframe><\/p>\n<p><iframe loading=\"lazy\" title=\"INESC TEC: Entrevista S\u00e9rgio Nunes no Porto Canal, 25JAN2018\" width=\"640\" height=\"480\" src=\"https:\/\/www.youtube.com\/embed\/kcrn2PK2BOA?feature=oembed\" frameborder=\"0\" allow=\"accelerometer; autoplay; clipboard-write; encrypted-media; gyroscope; picture-in-picture; web-share\" referrerpolicy=\"strict-origin-when-cross-origin\" allowfullscreen><\/iframe><\/p>\n","protected":false},"excerpt":{"rendered":"<p>In English Stop PropagHate (Round 4) In Google News Initiative Prototype developed at INESC TEC receives funding from Google In INESC TEC, December 21, 2017 In Portuguese Novo projecto identifica coment\u00e1rios de \u00f3dio em tempo real In P\u00fablico, January 2, 2018 Investigadores do Porto desenvolvem ferramentas inform\u00e1ticas contra os coment\u00e1rios de \u00f3dio In Porto.pt, January [&hellip;]<\/p>\n","protected":false},"author":5,"featured_media":0,"parent":0,"menu_order":0,"comment_status":"closed","ping_status":"closed","template":"","meta":{"footnotes":""},"class_list":["post-262","page","type-page","status-publish","hentry"],"_links":{"self":[{"href":"https:\/\/stop-propaghate.inesctec.pt\/index.php\/wp-json\/wp\/v2\/pages\/262","targetHints":{"allow":["GET"]}}],"collection":[{"href":"https:\/\/stop-propaghate.inesctec.pt\/index.php\/wp-json\/wp\/v2\/pages"}],"about":[{"href":"https:\/\/stop-propaghate.inesctec.pt\/index.php\/wp-json\/wp\/v2\/types\/page"}],"author":[{"embeddable":true,"href":"https:\/\/stop-propaghate.inesctec.pt\/index.php\/wp-json\/wp\/v2\/users\/5"}],"replies":[{"embeddable":true,"href":"https:\/\/stop-propaghate.inesctec.pt\/index.php\/wp-json\/wp\/v2\/comments?post=262"}],"version-history":[{"count":2,"href":"https:\/\/stop-propaghate.inesctec.pt\/index.php\/wp-json\/wp\/v2\/pages\/262\/revisions"}],"predecessor-version":[{"id":272,"href":"https:\/\/stop-propaghate.inesctec.pt\/index.php\/wp-json\/wp\/v2\/pages\/262\/revisions\/272"}],"wp:attachment":[{"href":"https:\/\/stop-propaghate.inesctec.pt\/index.php\/wp-json\/wp\/v2\/media?parent=262"}],"curies":[{"name":"wp","href":"https:\/\/api.w.org\/{rel}","templated":true}]}}